{"id":89,"date":"2013-03-21T17:09:13","date_gmt":"2013-03-21T17:09:13","guid":{"rendered":"http:\/\/www.aguasdesjoao.pt\/?page_id=89"},"modified":"2025-09-12T09:03:42","modified_gmt":"2025-09-12T09:03:42","slug":"contactos","status":"publish","type":"page","link":"https:\/\/www.aguasdesjoao.pt\/?page_id=89","title":{"rendered":"Contactos"},"content":{"rendered":"<table class=\"clean-table\" style=\"height: 472px;\" border=\"0\">\n<tbody>\n<tr>\n<td valign=\"top\"><img loading=\"lazy\" class=\"alignnone  wp-image-364\" src=\"http:\/\/www.aguasdesjoao.pt\/wp-content\/uploads\/2013\/03\/contacts.jpg\" alt=\"contacts\" width=\"296\" height=\"197\"><\/td>\n<td>\n<h1>CONTACTOS<\/h1>\n<div>\n<p>Avenida da Liberdade<br>3701-956 S. Jo\u00e3o da Madeira<\/p>\n<p>Telefone: <strong>256 100 700<\/strong> &nbsp;<\/p>\n<p><span style=\"font-size: 8pt;\">(custo de uma chamada para a rede fixa nacional)<\/span>&nbsp;<\/p>\n<p>Fax: <strong>256 100 709<\/strong><\/p>\n<p><span style=\"font-size: 8pt;\">(custo de uma chamada para a rede fixa nacional)<\/span><\/p>\n<p>Leituras : <span style=\"color: #339966;\"><strong>800 200 308<\/strong> <\/span><\/p>\n<p><span style=\"font-size: 8pt;\">(chamada gratuita)<\/span><\/p>\n<p><em id=\"__mceDel\">E-mail: <a href=\"mailto:geral@aguasdesjoao.pt\"> geral@aguasdesjoao.pt<\/a><\/em><\/p>\n<p style=\"text-align: center;\"><strong> Hor\u00e1rio de atendimento: <\/strong><br>Dias \u00fateis<\/p>\n<p style=\"text-align: center;\"><span style=\"font-family: inherit; font-weight: inherit;\">09:00h \u2013 13:00h e 14:00h \u2013 16:00h<\/span><\/p>\n<\/div>\n<\/td>\n<\/tr>\n<\/tbody>\n<\/table>\n\n\n<figure class=\"wp-block-image\"><img loading=\"lazy\" width=\"600\" height=\"200\" src=\"https:\/\/www.aguasdesjoao.pt\/wp-content\/uploads\/2013\/03\/mapa.jpg\" alt=\"\" class=\"wp-image-271\" srcset=\"https:\/\/www.aguasdesjoao.pt\/wp-content\/uploads\/2013\/03\/mapa.jpg 600w, https:\/\/www.aguasdesjoao.pt\/wp-content\/uploads\/2013\/03\/mapa-300x100.jpg 300w\" sizes=\"(max-width: 600px) 100vw, 600px\" \/><\/figure>\n\n\n<div class='fluentform ff-default fluentform_wrapper_11  ff_guten_block ffs_default_wrap'><form data-form_id=\"11\" id=\"fluentform_11\" class=\"frm-fluent-form fluent_form_11 ff-el-form-top ff_form_instance_11_1 ff-form-loading ffs_default\" data-form_instance=\"ff_form_instance_11_1\" method=\"POST\" ><fieldset  style=\"border: none!important;margin: 0!important;padding: 0!important;background-color: transparent!important;box-shadow: none!important;outline: none!important; min-inline-size: 100%;\">\n                    <legend class=\"ff_screen_reader_title\" style=\"display: block; margin: 0!important;padding: 0!important;height: 0!important;text-indent: -999999px;width: 0!important;overflow:hidden;\">Contacto<\/legend><input type='hidden' name='__fluent_form_embded_post_id' value='89' \/><input type=\"hidden\" id=\"_fluentform_11_fluentformnonce\" name=\"_fluentform_11_fluentformnonce\" value=\"fbdeaf4953\" \/><input type=\"hidden\" name=\"_wp_http_referer\" value=\"\/index.php?rest_route=%2Fwp%2Fv2%2Fpages%2F89\" \/><div data-type=\"name-element\" data-name=\"names\" class=\" ff-field_container ff-name-field-wrapper\" ><div class='ff-t-container'><div class='ff-t-cell '><div class='ff-el-group ff-el-form-top'><div class=\"ff-el-input--label ff-el-is-required asterisk-right\"><label for='ff_11_names_first_name_' >Nome<\/label><\/div><div class='ff-el-input--content'><input type=\"text\" name=\"names[first_name]\" id=\"ff_11_names_first_name_\" class=\"ff-el-form-control\" aria-invalid=\"false\" aria-required=true><\/div><\/div><\/div><\/div><\/div><div class='ff-el-group'><div class=\"ff-el-input--label ff-el-is-required asterisk-right\"><label for='ff_11_dropdown' aria-label=\"\u00c9 cliente da \u00c1guas de S. Jo\u00e3o ?\">\u00c9 cliente da \u00c1guas de S. Jo\u00e3o ?<\/label><\/div><div class='ff-el-input--content'><select name=\"dropdown\" id=\"ff_11_dropdown\" class=\"ff-el-form-control\" data-name=\"dropdown\" data-calc_value=\"0\"  aria-invalid=\"false\" aria-required=true><option value=\"\">&#8211; Seleccione &#8211;<\/option><option value=\"Sim\"  >Sim<\/option><option value=\"N\u00e3o\"  >N\u00e3o<\/option><\/select><\/div><\/div><div class='ff-el-group has-conditions'><div class=\"ff-el-input--label ff-el-is-required asterisk-right\"><label for='ff_11_numeric_field' aria-label=\"N\u00ba de Cliente\">N\u00ba de Cliente<\/label><\/div><div class='ff-el-input--content'><input type=\"number\" name=\"numeric_field\" id=\"ff_11_numeric_field\" class=\"ff-el-form-control\" data-name=\"numeric_field\" inputmode=\"numeric\" step=\"any\" min=\"1\" aria-valuemin=\"1\" max=\"99999\" aria-valuemax=\"99999\"  aria-invalid=\"false\" aria-required=true><\/div><\/div><div class='ff-el-group'><div class=\"ff-el-input--label ff-el-is-required asterisk-right\"><label for='ff_11_email' aria-label=\"Endere\u00e7o de Email\">Endere\u00e7o de Email<\/label><\/div><div class='ff-el-input--content'><input type=\"email\" name=\"email\" id=\"ff_11_email\" class=\"ff-el-form-control\" data-name=\"email\"  aria-invalid=\"false\" aria-required=true><\/div><\/div><div class='ff-el-group'><div class=\"ff-el-input--label ff-el-is-required asterisk-right\"><label for='ff_11_Assunto' aria-label=\"Assunto\">Assunto<\/label><\/div><div class='ff-el-input--content'><input type=\"text\" name=\"Assunto\" class=\"ff-el-form-control\" maxlength=\"150\" data-name=\"Assunto\" id=\"ff_11_Assunto\"  aria-invalid=\"false\" aria-required=true><\/div><\/div><div class='ff-el-group'><div class=\"ff-el-input--label ff-el-is-required asterisk-right\"><label for='ff_11_description' aria-label=\"Mensagem\">Mensagem<\/label><\/div><div class='ff-el-input--content'><textarea aria-invalid=\"false\" aria-required=true name=\"description\" id=\"ff_11_description\" class=\"ff-el-form-control\" rows=\"3\" cols=\"2\" data-name=\"description\" ><\/textarea><\/div><\/div><div class='ff-el-group    ff-el-input--content'><div class='ff-el-form-check ff-el-tc'><label aria-label='Terms and Conditions: Li e aceito a Pol\u00edtica de Privacidade. Contains 1 link. Use tab navigation to review.' class='ff-el-form-check-label ff_tc_label' for=terms-n-condition_26aee119d68b9fc0d03bddac908c3dd9><span class='ff_tc_checkbox'><input type=\"checkbox\" name=\"terms-n-condition\" class=\"ff-el-form-check-input\" data-name=\"terms-n-condition\" id=\"terms-n-condition_26aee119d68b9fc0d03bddac908c3dd9\"  value='on' aria-invalid='false' aria-required=true><\/span> <div class='ff_t_c'><p>Li e aceito a <a href=\"https:\/\/www.aguasdesjoao.pt\/?p=1239&amp;doing_wp_cron=1757603958.2264389991760253906250\">Pol\u00edtica de Privacidade<\/a>.<\/p><\/div><\/label><\/div><\/div><div class='ff-el-group ff-text-center ff_submit_btn_wrapper'><button type=\"submit\" class=\"ff-btn ff-btn-submit ff-btn-md ff_btn_style\" >Submeter<\/button><\/div><\/fieldset><\/form><div id='fluentform_11_errors' class='ff-errors-in-stack ff_form_instance_11_1 ff-form-loading_errors ff_form_instance_11_1_errors'><\/div><\/div>        <script type=\"text\/javascript\">\n            window.fluent_form_ff_form_instance_11_1 = {\"id\":\"11\",\"settings\":{\"layout\":{\"labelPlacement\":\"top\",\"asteriskPlacement\":\"asterisk-right\",\"helpMessagePlacement\":\"with_label\",\"errorMessagePlacement\":\"inline\",\"cssClassName\":\"\"},\"restrictions\":{\"denyEmptySubmission\":{\"enabled\":false}}},\"form_instance\":\"ff_form_instance_11_1\",\"form_id_selector\":\"fluentform_11\",\"rules\":{\"names[first_name]\":{\"required\":{\"value\":true,\"message\":\"Campo obrigat\\u00f3rio\",\"global_message\":\"This field is required\",\"global\":false}},\"names[middle_name]\":{\"required\":{\"value\":false,\"message\":\"This field is required\",\"global_message\":\"This field is required\",\"global\":true}},\"names[last_name]\":{\"required\":{\"value\":false,\"message\":\"This field is required\",\"global_message\":\"This field is required\",\"global\":true}},\"dropdown\":{\"required\":{\"value\":true,\"message\":\"Campo Obrigat\\u00f3rio\",\"global_message\":\"This field is required\",\"global\":false}},\"numeric_field\":{\"required\":{\"value\":true,\"message\":\"Campo obrigat\\u00f3rio\",\"global_message\":\"This field is required\",\"global\":false},\"numeric\":{\"value\":true,\"message\":\"This field must contain numeric value\",\"global_message\":\"This field must contain numeric value\",\"global\":true},\"min\":{\"value\":\"1\",\"message\":\"Por favor introduza um n\\u00ba de cliente v\\u00e1lido\",\"global_message\":\"Validation fails for minimum value\",\"global\":false},\"max\":{\"value\":\"99999\",\"message\":\"Por favor introduza um n\\u00ba de cliente v\\u00e1lido\",\"global_message\":\"Validation fails for maximum value\",\"global\":false},\"digits\":{\"value\":\"\",\"message\":\"Validation fails for limited digits\",\"global_message\":\"Validation fails for limited digits\",\"global\":false}},\"email\":{\"required\":{\"value\":true,\"message\":\"Campo obrigat\\u00f3rio\",\"global_message\":\"This field is required\",\"global\":false},\"email\":{\"value\":true,\"message\":\"Por favor introduza um endere\\u00e7o de email v\\u00e1lido\",\"global_message\":\"This field must contain a valid email\",\"global\":false}},\"Assunto\":{\"required\":{\"value\":true,\"message\":\"Campo obrigat\\u00f3rio\",\"global_message\":\"This field is required\",\"global\":false}},\"description\":{\"required\":{\"value\":true,\"message\":\"Campo obrigat\\u00f3rio\",\"global_message\":\"This field is required\",\"global\":false}},\"terms-n-condition\":{\"required\":{\"value\":true,\"message\":\"Campo obrigat\\u00f3rio\",\"global_message\":\"This field is required\",\"global\":false}}},\"debounce_time\":300,\"conditionals\":{\"numeric_field\":{\"type\":\"any\",\"status\":true,\"conditions\":[{\"field\":\"dropdown\",\"value\":\"Sim\",\"operator\":\"=\"}],\"condition_groups\":[{\"rules\":[{\"field\":\"\",\"value\":\"\",\"operator\":\"\"}],\"title\":\"\",\"isEditingTitle\":false,\"isPreviewOpen\":false,\"isGroupOpen\":true}]}}};\n                    <\/script>\n        ","protected":false},"excerpt":{"rendered":"<p>CONTACTOS Avenida da Liberdade3701-956 S. Jo\u00e3o da Madeira Telefone: 256 100 700 &nbsp; (custo de uma chamada para a rede fixa nacional)&nbsp; Fax: 256 100 709 (custo de uma chamada para a rede fixa nacional) Leituras : 800 200 308 (chamada gratuita) E-mail: geral@aguasdesjoao.pt Hor\u00e1rio de atendimento: Dias \u00fateis 09:00h \u2013 13:00h e 14:00h \u2013 [&hellip;]<\/p>\n","protected":false},"author":1,"featured_media":0,"parent":0,"menu_order":0,"comment_status":"open","ping_status":"open","template":"","meta":{"_expiration-date-status":"","_expiration-date":1670345117,"_expiration-date-type":"draft","_expiration-date-categories":[],"_expiration-date-options":[]},"_links":{"self":[{"href":"https:\/\/www.aguasdesjoao.pt\/index.php?rest_route=\/wp\/v2\/pages\/89"}],"collection":[{"href":"https:\/\/www.aguasdesjoao.pt\/index.php?rest_route=\/wp\/v2\/pages"}],"about":[{"href":"https:\/\/www.aguasdesjoao.pt\/index.php?rest_route=\/wp\/v2\/types\/page"}],"author":[{"embeddable":true,"href":"https:\/\/www.aguasdesjoao.pt\/index.php?rest_route=\/wp\/v2\/users\/1"}],"replies":[{"embeddable":true,"href":"https:\/\/www.aguasdesjoao.pt\/index.php?rest_route=%2Fwp%2Fv2%2Fcomments&post=89"}],"version-history":[{"count":35,"href":"https:\/\/www.aguasdesjoao.pt\/index.php?rest_route=\/wp\/v2\/pages\/89\/revisions"}],"predecessor-version":[{"id":2380,"href":"https:\/\/www.aguasdesjoao.pt\/index.php?rest_route=\/wp\/v2\/pages\/89\/revisions\/2380"}],"wp:attachment":[{"href":"https:\/\/www.aguasdesjoao.pt\/index.php?rest_route=%2Fwp%2Fv2%2Fmedia&parent=89"}],"curies":[{"name":"wp","href":"https:\/\/api.w.org\/{rel}","templated":true}]}}