{"id":8,"date":"2013-03-21T14:10:25","date_gmt":"2013-03-21T14:10:25","guid":{"rendered":"http:\/\/www.aguasdesjoao.pt\/?page_id=8"},"modified":"2026-01-01T11:13:20","modified_gmt":"2026-01-01T11:13:20","slug":"tarifario","status":"publish","type":"page","link":"https:\/\/www.aguasdesjoao.pt\/?page_id=8","title":{"rendered":"Tarif\u00e1rio"},"content":{"rendered":"<p>Consulte o tarif\u00e1rio em vigor desde 1 de janeiro de 2026.<\/p>\n<p>Consulte <a href=\"https:\/\/www.aguasdesjoao.pt\/files\/docs\/Tarif\u00e1rio 2026_CMSJM.pdf\" target=\"_blank\" rel=\"noopener\" data-wplink-url-error=\"true\">aqui<\/a> o documento de aprova\u00e7\u00e3o.<\/p>\n<iframe src=\"\/\/docs.google.com\/viewer?url=http%3A%2F%2Fwww.aguasdesjoao.pt%2Ffiles%2Fdocs%2FTarif%C3%A1rio+2026.pdf&hl=pt_PT&embedded=true\" class=\"gde-frame\" style=\"width:100%; height:800px; border: none;\" scrolling=\"no\"><\/iframe>\n\n\n\n<p><\/p>\n","protected":false},"excerpt":{"rendered":"<p>Consulte o tarif\u00e1rio em vigor desde 1 de janeiro de 2026. Consulte aqui o documento de aprova\u00e7\u00e3o.<\/p>\n","protected":false},"author":1,"featured_media":0,"parent":0,"menu_order":0,"comment_status":"open","ping_status":"open","template":"","meta":{"_expiration-date-status":"","_expiration-date":1767265954,"_expiration-date-type":"draft","_expiration-date-categories":[],"_expiration-date-options":[]},"_links":{"self":[{"href":"https:\/\/www.aguasdesjoao.pt\/index.php?rest_route=\/wp\/v2\/pages\/8"}],"collection":[{"href":"https:\/\/www.aguasdesjoao.pt\/index.php?rest_route=\/wp\/v2\/pages"}],"about":[{"href":"https:\/\/www.aguasdesjoao.pt\/index.php?rest_route=\/wp\/v2\/types\/page"}],"author":[{"embeddable":true,"href":"https:\/\/www.aguasdesjoao.pt\/index.php?rest_route=\/wp\/v2\/users\/1"}],"replies":[{"embeddable":true,"href":"https:\/\/www.aguasdesjoao.pt\/index.php?rest_route=%2Fwp%2Fv2%2Fcomments&post=8"}],"version-history":[{"count":30,"href":"https:\/\/www.aguasdesjoao.pt\/index.php?rest_route=\/wp\/v2\/pages\/8\/revisions"}],"predecessor-version":[{"id":2423,"href":"https:\/\/www.aguasdesjoao.pt\/index.php?rest_route=\/wp\/v2\/pages\/8\/revisions\/2423"}],"wp:attachment":[{"href":"https:\/\/www.aguasdesjoao.pt\/index.php?rest_route=%2Fwp%2Fv2%2Fmedia&parent=8"}],"curies":[{"name":"wp","href":"https:\/\/api.w.org\/{rel}","templated":true}]}}