{"id":732,"date":"2015-05-05T16:45:05","date_gmt":"2015-05-05T15:45:05","guid":{"rendered":"http:\/\/www.aguasdesjoao.pt\/?page_id=732"},"modified":"2025-02-12T07:11:51","modified_gmt":"2025-02-12T07:11:51","slug":"inquerito-de-avaliacao-da-satisfacao-de-clientes-domesticos","status":"publish","type":"page","link":"https:\/\/www.aguasdesjoao.pt\/?page_id=732","title":{"rendered":"Inqu\u00e9rito de avalia\u00e7\u00e3o da satisfa\u00e7\u00e3o de clientes dom\u00e9sticos"},"content":{"rendered":"<p>Em revis\u00e3o, brevemente dispon\u00edvel.<\/p>\n\n\n<p><\/p>\n","protected":false},"excerpt":{"rendered":"<p>Em revis\u00e3o, brevemente dispon\u00edvel.<\/p>\n","protected":false},"author":1,"featured_media":0,"parent":0,"menu_order":0,"comment_status":"open","ping_status":"open","template":"","meta":{"_expiration-date-status":"","_expiration-date":1739344247,"_expiration-date-type":"draft","_expiration-date-categories":[],"_expiration-date-options":[]},"_links":{"self":[{"href":"https:\/\/www.aguasdesjoao.pt\/index.php?rest_route=\/wp\/v2\/pages\/732"}],"collection":[{"href":"https:\/\/www.aguasdesjoao.pt\/index.php?rest_route=\/wp\/v2\/pages"}],"about":[{"href":"https:\/\/www.aguasdesjoao.pt\/index.php?rest_route=\/wp\/v2\/types\/page"}],"author":[{"embeddable":true,"href":"https:\/\/www.aguasdesjoao.pt\/index.php?rest_route=\/wp\/v2\/users\/1"}],"replies":[{"embeddable":true,"href":"https:\/\/www.aguasdesjoao.pt\/index.php?rest_route=%2Fwp%2Fv2%2Fcomments&post=732"}],"version-history":[{"count":9,"href":"https:\/\/www.aguasdesjoao.pt\/index.php?rest_route=\/wp\/v2\/pages\/732\/revisions"}],"predecessor-version":[{"id":2304,"href":"https:\/\/www.aguasdesjoao.pt\/index.php?rest_route=\/wp\/v2\/pages\/732\/revisions\/2304"}],"wp:attachment":[{"href":"https:\/\/www.aguasdesjoao.pt\/index.php?rest_route=%2Fwp%2Fv2%2Fmedia&parent=732"}],"curies":[{"name":"wp","href":"https:\/\/api.w.org\/{rel}","templated":true}]}}