{"id":70,"date":"2013-03-21T14:27:25","date_gmt":"2013-03-21T14:27:25","guid":{"rendered":"http:\/\/www.aguasdesjoao.pt\/?page_id=70"},"modified":"2024-10-31T15:49:22","modified_gmt":"2024-10-31T15:49:22","slug":"orgaos-sociais","status":"publish","type":"page","link":"https:\/\/www.aguasdesjoao.pt\/?page_id=70","title":{"rendered":"Org\u00e3os Sociais"},"content":{"rendered":"<p><img loading=\"lazy\" class=\"top-page-image\" src=\"http:\/\/www.aguasdesjoao.pt\/wp-content\/uploads\/2013\/03\/img_11.jpg\" alt=\"img_4\" width=\"680\" height=\"162\" \/><\/p>\n<h1>Org\u00e3os Sociais<\/h1>\n<p><strong> <span style=\"font-size: 16px; color: #374e6d;\"> Conselho de Administra\u00e7\u00e3o: <\/span> <\/strong><\/p>\n<table class=\"clean-table\" border=\"0\">\n<tbody>\n<tr>\n<td style=\"width: 30%;\"><span style=\"color: #808080;\">Presidente:<\/span><\/td>\n<td><span style=\"color: #808080;\">Jorge Manuel Rodrigues Vultos Sequeira<\/span><\/td>\n<\/tr>\n<tr>\n<td><span style=\"color: #808080;\">Vogais:<\/span><\/td>\n<td><span style=\"color: #808080;\">Anabela Gomes da Costa<\/span><\/td>\n<\/tr>\n<tr>\n<td><span style=\"color: #808080;\">\u00a0<\/span><\/td>\n<td><span style=\"color: #888888;\">Ricardo Miguel dos Santos Varela Grazina<\/span><\/td>\n<\/tr>\n<\/tbody>\n<\/table>\n<p><span style=\"color: #374e6d; font-size: 16px;\"> <strong><br \/>\nAssembleia Geral <\/strong> <\/span><\/p>\n<table class=\"clean-table\" border=\"0\">\n<tbody>\n<tr>\n<td style=\"width: 30%;\"><span style=\"color: #808080;\">Presidente da mesa :<\/span><\/td>\n<td><span style=\"color: #808080;\">Paulo C\u00e9sar Lima Cavaleiro<\/span><\/td>\n<\/tr>\n<tr>\n<td><span style=\"color: #808080;\">Secret\u00e1rio da mesa :<\/span><\/td>\n<td><span style=\"color: #808080;\">Joaquim Fernando de Almeida Castro e Melo<\/span><\/td>\n<\/tr>\n<\/tbody>\n<\/table>\n<p><span style=\"font-size: 16px; color: #374e6d;\"> <strong><br \/>\nConselho Geral e de Supervis\u00e3o <\/strong> <\/span><\/p>\n<table class=\"clean-table\" style=\"width: 576px; height: 222px;\">\n<tbody>\n<tr>\n<td style=\"text-align: left;\"><span style=\"color: #888888;\">C\u00e2mara Municipal<\/span><\/td>\n<td style=\"text-align: left;\"><span style=\"color: #888888;\">Jos\u00e9 Pedro Santos Silva<\/span><\/td>\n<\/tr>\n<tr>\n<td style=\"text-align: left;\"><span style=\"color: #888888;\">C\u00e2mara Municipal<\/span><\/td>\n<td style=\"text-align: left;\"><span style=\"color: #888888;\">Carlos Manuel da Silva Coelho<\/span><\/td>\n<\/tr>\n<tr>\n<td style=\"text-align: left;\"><span style=\"color: #888888;\">Indaqua<\/span><\/td>\n<td style=\"text-align: left;\"><span style=\"color: #888888;\">Eduardo Manuel Antunes Marinho Marques<\/span><\/td>\n<\/tr>\n<tr>\n<td style=\"text-align: left;\"><span style=\"color: #888888;\">Assembleia Municipal &#8211; PPD\/PSD<\/span><\/td>\n<td style=\"text-align: left;\"><span style=\"color: #888888;\">Susana Maria de Oliveira Lamas\u00a0<\/span><\/td>\n<\/tr>\n<tr>\n<td style=\"text-align: left;\"><span style=\"color: #888888;\">Assembleia Municipal &#8211; PS<\/span><\/td>\n<td style=\"text-align: left;\"><span style=\"color: #888888;\">Paulo S\u00e9rgio Ferreira Antunes<\/span><\/td>\n<\/tr>\n<tr>\n<td style=\"text-align: left;\"><span style=\"color: #888888;\">Assembleia Municipal &#8211; CDU<\/span><\/td>\n<td style=\"text-align: left;\"><span style=\"color: #888888;\">Eng. Jorge Manuel de Resende Cortez<\/span><\/td>\n<\/tr>\n<tr>\n<td style=\"text-align: left;\"><span style=\"color: #888888;\">Assembleia Municipal &#8211; CDS-PP<\/span><\/td>\n<td style=\"text-align: left;\"><span style=\"color: #888888;\">B\u00e1rbara Filomena Rodrigues Bernardo\u00a0<\/span><\/td>\n<\/tr>\n<tr>\n<td style=\"text-align: left;\"><span style=\"color: #888888;\">Assembleia Municipal &#8211; BE<\/span><\/td>\n<td style=\"text-align: left;\"><span style=\"color: #888888;\">Eva Maria Braga da Silva<\/span><\/td>\n<\/tr>\n<tr>\n<td style=\"text-align: left;\"><span style=\"color: #888888;\">Presidente da Junta de Freguesia<\/span><\/td>\n<td style=\"text-align: left;\"><span style=\"color: #888888;\">Rodolfo Andrade de Oliveira<\/span><\/td>\n<\/tr>\n<tr>\n<td style=\"text-align: left;\"><span style=\"color: #888888;\"> Delegado de Sa\u00fade<\/span><\/td>\n<td style=\"text-align: left;\"><span style=\"color: #888888;\">Pedro Miguel Azevedo Ferreira<\/span><\/td>\n<\/tr>\n<\/tbody>\n<\/table>\n<p><span style=\"font-size: 16px; color: #374e6d;\"><strong>Remunera\u00e7\u00e3o dos \u00f3rg\u00e3os sociais <\/strong> <\/span> <i> <\/i><\/p>\n<p><i><span style=\"color: #808080;\"> Os \u00f3rg\u00e3os sociais n\u00e3o s\u00e3o remunerados<\/span> <\/i><\/p>\n<p><span style=\"color: #374e6d;\"> <strong> <span style=\"font-size: 16px;\"> Revisor Oficial de Contas <i><br \/>\n<\/i> <\/span> <\/strong> <\/span><\/p>\n<table class=\"clean-table\" style=\"width: 558px; height: 95px;\" border=\"0\">\n<tbody>\n<tr>\n<td style=\"text-align: left; width: 30%;\"><span style=\"color: #808080;\">Fiscal \u00danico<\/span><\/td>\n<td style=\"text-align: left;\"><span style=\"color: #808080;\">Deloitte Associados, SROC S.A.<\/span><\/td>\n<\/tr>\n<tr>\n<td style=\"text-align: left;\"><span style=\"color: #808080;\">\u00a0<\/span><\/td>\n<td style=\"text-align: left;\"><span style=\"color: #808080;\">Ant\u00f3nio Manuel Martins Amaral<\/span><\/td>\n<\/tr>\n<tr>\n<td style=\"text-align: left;\"><span style=\"color: #808080;\">Fiscal \u00danico &#8211; Suplente<\/span><\/td>\n<td style=\"text-align: left;\"><span style=\"color: #808080;\">Paulo Alexandre Rocha Silva Gaspar<\/span><\/td>\n<\/tr>\n<\/tbody>\n<\/table>\n<p><i> \u00a0 <\/i><\/p>\n<p><span style=\"color: #374e6d; font-size: 16px;\"> <strong> N\u00famero de trabalhadores segundo a modalidade de vincula\u00e7\u00e3o <\/strong> <\/span><\/p>\n<p><span style=\"color: #808080;\">Situa\u00e7\u00e3o em 31 de Dezembro de 2023:<\/span><\/p>\n<ul>\n<li>\n<table class=\"clean-table\" border=\"0\">\n<tbody>\n<tr>\n<td style=\"width: 62%;\"><span style=\"color: #808080;\">Funcion\u00e1rios P\u00fablicos em regime de ced\u00eancia:<\/span><\/td>\n<td><span style=\"color: #808080;\">4<\/span><\/td>\n<\/tr>\n<\/tbody>\n<\/table>\n<\/li>\n<li>\n<table class=\"clean-table\" border=\"0\">\n<tbody>\n<tr>\n<td style=\"width: 62%;\"><span style=\"color: #808080;\">Funcion\u00e1rios contratados por tempo indeterminado:<\/span><\/td>\n<td><span style=\"color: #808080;\">24<\/span><\/td>\n<\/tr>\n<\/tbody>\n<\/table>\n<\/li>\n<li>\n<table class=\"clean-table\" border=\"0\">\n<tbody>\n<tr>\n<td style=\"width: 62%;\"><span style=\"color: #808080;\">Funcion\u00e1rios contratados a tempo certo:<\/span><\/td>\n<td><span style=\"color: #808080;\">0<\/span><\/td>\n<\/tr>\n<\/tbody>\n<\/table>\n<\/li>\n<li>\n<table class=\"clean-table\" border=\"0\">\n<tbody>\n<tr>\n<td style=\"width: 62%;\"><span style=\"color: #808080;\">Total de trabalhadores:<\/span><\/td>\n<td><span style=\"color: #808080;\">28<\/span><\/td>\n<\/tr>\n<\/tbody>\n<\/table>\n<\/li>\n<\/ul>\n","protected":false},"excerpt":{"rendered":"<p>Org\u00e3os Sociais Conselho de Administra\u00e7\u00e3o: Presidente: Jorge Manuel Rodrigues Vultos Sequeira Vogais: Anabela Gomes da Costa \u00a0 Ricardo Miguel dos Santos Varela Grazina Assembleia Geral Presidente da mesa : Paulo C\u00e9sar Lima Cavaleiro Secret\u00e1rio da mesa : Joaquim Fernando de Almeida Castro e Melo Conselho Geral e de Supervis\u00e3o C\u00e2mara Municipal Jos\u00e9 Pedro Santos Silva [&hellip;]<\/p>\n","protected":false},"author":1,"featured_media":0,"parent":0,"menu_order":0,"comment_status":"open","ping_status":"open","template":"","meta":{"_expiration-date-status":"","_expiration-date":0,"_expiration-date-type":"","_expiration-date-categories":[],"_expiration-date-options":[]},"_links":{"self":[{"href":"https:\/\/www.aguasdesjoao.pt\/index.php?rest_route=\/wp\/v2\/pages\/70"}],"collection":[{"href":"https:\/\/www.aguasdesjoao.pt\/index.php?rest_route=\/wp\/v2\/pages"}],"about":[{"href":"https:\/\/www.aguasdesjoao.pt\/index.php?rest_route=\/wp\/v2\/types\/page"}],"author":[{"embeddable":true,"href":"https:\/\/www.aguasdesjoao.pt\/index.php?rest_route=\/wp\/v2\/users\/1"}],"replies":[{"embeddable":true,"href":"https:\/\/www.aguasdesjoao.pt\/index.php?rest_route=%2Fwp%2Fv2%2Fcomments&post=70"}],"version-history":[{"count":57,"href":"https:\/\/www.aguasdesjoao.pt\/index.php?rest_route=\/wp\/v2\/pages\/70\/revisions"}],"predecessor-version":[{"id":2282,"href":"https:\/\/www.aguasdesjoao.pt\/index.php?rest_route=\/wp\/v2\/pages\/70\/revisions\/2282"}],"wp:attachment":[{"href":"https:\/\/www.aguasdesjoao.pt\/index.php?rest_route=%2Fwp%2Fv2%2Fmedia&parent=70"}],"curies":[{"name":"wp","href":"https:\/\/api.w.org\/{rel}","templated":true}]}}