{"id":24,"date":"2013-03-21T14:16:02","date_gmt":"2013-03-21T14:16:02","guid":{"rendered":"http:\/\/www.aguasdesjoao.pt\/?page_id=24"},"modified":"2013-04-29T16:44:40","modified_gmt":"2013-04-29T16:44:40","slug":"educacao-ambiental","status":"publish","type":"page","link":"https:\/\/www.aguasdesjoao.pt\/?page_id=24","title":{"rendered":"Educa\u00e7\u00e3o Ambiental"},"content":{"rendered":"<p class=\"top-page-image\"><img loading=\"lazy\" class=\"alignnone size-full wp-image-336\" alt=\"educacao\" src=\"http:\/\/www.aguasdesjoao.pt\/wp-content\/uploads\/2013\/03\/educacao.jpg\" width=\"680\" height=\"162\" srcset=\"https:\/\/www.aguasdesjoao.pt\/wp-content\/uploads\/2013\/03\/educacao.jpg 680w, https:\/\/www.aguasdesjoao.pt\/wp-content\/uploads\/2013\/03\/educacao-300x71.jpg 300w\" sizes=\"(max-width: 680px) 100vw, 680px\" \/><\/p>\n<h1>Educa\u00e7\u00e3o Ambiental<\/h1>\n<p>&nbsp;<\/p>\n<p>Esta p\u00e1gina encontra-se em constru\u00e7\u00e3o. Visite-nos em breve para mais novidades.<\/p>\n","protected":false},"excerpt":{"rendered":"<p>Educa\u00e7\u00e3o Ambiental &nbsp; Esta p\u00e1gina encontra-se em constru\u00e7\u00e3o. Visite-nos em breve para mais novidades.<\/p>\n","protected":false},"author":1,"featured_media":0,"parent":0,"menu_order":0,"comment_status":"open","ping_status":"open","template":"","meta":{"_expiration-date-status":"","_expiration-date":0,"_expiration-date-type":"","_expiration-date-categories":[],"_expiration-date-options":[]},"_links":{"self":[{"href":"https:\/\/www.aguasdesjoao.pt\/index.php?rest_route=\/wp\/v2\/pages\/24"}],"collection":[{"href":"https:\/\/www.aguasdesjoao.pt\/index.php?rest_route=\/wp\/v2\/pages"}],"about":[{"href":"https:\/\/www.aguasdesjoao.pt\/index.php?rest_route=\/wp\/v2\/types\/page"}],"author":[{"embeddable":true,"href":"https:\/\/www.aguasdesjoao.pt\/index.php?rest_route=\/wp\/v2\/users\/1"}],"replies":[{"embeddable":true,"href":"https:\/\/www.aguasdesjoao.pt\/index.php?rest_route=%2Fwp%2Fv2%2Fcomments&post=24"}],"version-history":[{"count":13,"href":"https:\/\/www.aguasdesjoao.pt\/index.php?rest_route=\/wp\/v2\/pages\/24\/revisions"}],"predecessor-version":[{"id":339,"href":"https:\/\/www.aguasdesjoao.pt\/index.php?rest_route=\/wp\/v2\/pages\/24\/revisions\/339"}],"wp:attachment":[{"href":"https:\/\/www.aguasdesjoao.pt\/index.php?rest_route=%2Fwp%2Fv2%2Fmedia&parent=24"}],"curies":[{"name":"wp","href":"https:\/\/api.w.org\/{rel}","templated":true}]}}