{"id":2389,"date":"2025-09-26T16:20:10","date_gmt":"2025-09-26T16:20:10","guid":{"rendered":"https:\/\/www.aguasdesjoao.pt\/?page_id=2389"},"modified":"2025-09-26T16:20:10","modified_gmt":"2025-09-26T16:20:10","slug":"controlo-legionella","status":"publish","type":"page","link":"https:\/\/www.aguasdesjoao.pt\/?page_id=2389","title":{"rendered":"Controlo Legionella"},"content":{"rendered":"\n<div class=\"wp-block-image\"><figure class=\"aligncenter size-full\"><a href=\"https:\/\/www.aguasdesjoao.pt\/wp-content\/uploads\/2023\/04\/logo1-1.png\"><img loading=\"lazy\" width=\"333\" height=\"334\" src=\"https:\/\/www.aguasdesjoao.pt\/wp-content\/uploads\/2023\/04\/logo1-1.png\" alt=\"\" class=\"wp-image-2077\" srcset=\"https:\/\/www.aguasdesjoao.pt\/wp-content\/uploads\/2023\/04\/logo1-1.png 333w, https:\/\/www.aguasdesjoao.pt\/wp-content\/uploads\/2023\/04\/logo1-1-300x300.png 300w, https:\/\/www.aguasdesjoao.pt\/wp-content\/uploads\/2023\/04\/logo1-1-150x150.png 150w\" sizes=\"(max-width: 333px) 100vw, 333px\" \/><\/a><\/figure><\/div>\n\n\n\n<p class=\"has-text-align-left\">Os surtos de Legionella podem ter origens m\u00faltiplas, entre as quais torres de arrefecimento, sistemas de ar condicionado e de \u00e1guas quentes em edif\u00edcios, entre outros, mas competir\u00e1 \u00e0 Autoridade de Sa\u00fade coordenar e identificar a origem dos focos, com quem a \u00c1guas de S\u00e3o Jo\u00e3o EM SA, no \u00e2mbito da sua atividade, mant\u00e9m contactos regulares.<\/p>\n\n\n\n<p class=\"has-text-align-left\">De qualquer forma, a \u00c1guas de S\u00e3o Jo\u00e3o EM SA tem implementados rigorosos sistemas de monitoriza\u00e7\u00e3o e controlo da qualidade da \u00e1gua, nas componentes que constituem o sistema de abastecimento de \u00e1gua at\u00e9 \u00e0 entrada das redes prediais dos Clientes.<\/p>\n\n\n\n<p class=\"has-text-align-left\">Esta atividade \u00e9 ainda complementada com a realiza\u00e7\u00e3o de m\u00faltiplas an\u00e1lises a diversos par\u00e2metros da qualidade da \u00e1gua, com recurso a laborat\u00f3rios externos acreditados, par\u00e2metros que incluem a pesquisa e quantifica\u00e7\u00e3o peri\u00f3dica de bact\u00e9rias do g\u00e9nero \u201cLegionella&#8221;.<br><br>Aproveitamos ainda para informar que n\u00e3o existem quaisquer registos positivos dos agentes Legionella no hist\u00f3rico de resultados, tanto nos mais recentes, como nos restantes do ano de 2025.<\/p>\n\n\n\n<p class=\"has-text-align-left\">Estes resultados, em conjunto com os resultados dos restantes par\u00e2metros monitorizados, e o cuidado tratamento e desinfe\u00e7\u00e3o garantem a qualidade e seguran\u00e7a da \u00e1gua distribu\u00edda para consumo humano e demais usos domiciliares.<\/p>\n\n\n\n<p class=\"has-text-align-left\">Os resultados de 2025 podem ser consultados abaixo.<\/p>\n\n\n<iframe src=\"\/\/docs.google.com\/viewer?url=http%3A%2F%2Fwww.aguasdesjoao.pt%2Ffiles%2Fdocs%2FLegionella_2025.pdf&hl=pt_PT&embedded=true\" class=\"gde-frame\" style=\"width:100%; height:800px; border: none;\" scrolling=\"no\"><\/iframe>\n\n","protected":false},"excerpt":{"rendered":"<p>Os surtos de Legionella podem ter origens m\u00faltiplas, entre as quais torres de arrefecimento, sistemas de ar condicionado e de \u00e1guas quentes em edif\u00edcios, entre outros, mas competir\u00e1 \u00e0 Autoridade de Sa\u00fade coordenar e identificar a origem dos focos, com quem a \u00c1guas de S\u00e3o Jo\u00e3o EM SA, no \u00e2mbito da sua atividade, mant\u00e9m contactos [&hellip;]<\/p>\n","protected":false},"author":1,"featured_media":0,"parent":0,"menu_order":0,"comment_status":"closed","ping_status":"closed","template":"","meta":{"_expiration-date-status":"","_expiration-date":0,"_expiration-date-type":"","_expiration-date-categories":[],"_expiration-date-options":[]},"_links":{"self":[{"href":"https:\/\/www.aguasdesjoao.pt\/index.php?rest_route=\/wp\/v2\/pages\/2389"}],"collection":[{"href":"https:\/\/www.aguasdesjoao.pt\/index.php?rest_route=\/wp\/v2\/pages"}],"about":[{"href":"https:\/\/www.aguasdesjoao.pt\/index.php?rest_route=\/wp\/v2\/types\/page"}],"author":[{"embeddable":true,"href":"https:\/\/www.aguasdesjoao.pt\/index.php?rest_route=\/wp\/v2\/users\/1"}],"replies":[{"embeddable":true,"href":"https:\/\/www.aguasdesjoao.pt\/index.php?rest_route=%2Fwp%2Fv2%2Fcomments&post=2389"}],"version-history":[{"count":2,"href":"https:\/\/www.aguasdesjoao.pt\/index.php?rest_route=\/wp\/v2\/pages\/2389\/revisions"}],"predecessor-version":[{"id":2392,"href":"https:\/\/www.aguasdesjoao.pt\/index.php?rest_route=\/wp\/v2\/pages\/2389\/revisions\/2392"}],"wp:attachment":[{"href":"https:\/\/www.aguasdesjoao.pt\/index.php?rest_route=%2Fwp%2Fv2%2Fmedia&parent=2389"}],"curies":[{"name":"wp","href":"https:\/\/api.w.org\/{rel}","templated":true}]}}