{"id":20,"date":"2013-03-21T14:14:56","date_gmt":"2013-03-21T14:14:56","guid":{"rendered":"http:\/\/www.aguasdesjoao.pt\/?page_id=20"},"modified":"2013-04-22T14:29:26","modified_gmt":"2013-04-22T14:29:26","slug":"licenciamento-de-obras-e-projectos","status":"publish","type":"page","link":"https:\/\/www.aguasdesjoao.pt\/?page_id=20","title":{"rendered":"Licenciamento  de Obras e Projectos"},"content":{"rendered":"<h1>Licenciamento  de Obras e Projectos<\/h1>\n<p>&nbsp;<\/p>\n<p>Esta p\u00e1gina encontra-se em constru\u00e7\u00e3o. Visite-nos em breve para mais novidades.<\/p>\n","protected":false},"excerpt":{"rendered":"<p>Licenciamento de Obras e Projectos &nbsp; Esta p\u00e1gina encontra-se em constru\u00e7\u00e3o. Visite-nos em breve para mais novidades.<\/p>\n","protected":false},"author":1,"featured_media":0,"parent":0,"menu_order":0,"comment_status":"open","ping_status":"open","template":"","meta":{"_expiration-date-status":"","_expiration-date":0,"_expiration-date-type":"","_expiration-date-categories":[],"_expiration-date-options":[]},"_links":{"self":[{"href":"https:\/\/www.aguasdesjoao.pt\/index.php?rest_route=\/wp\/v2\/pages\/20"}],"collection":[{"href":"https:\/\/www.aguasdesjoao.pt\/index.php?rest_route=\/wp\/v2\/pages"}],"about":[{"href":"https:\/\/www.aguasdesjoao.pt\/index.php?rest_route=\/wp\/v2\/types\/page"}],"author":[{"embeddable":true,"href":"https:\/\/www.aguasdesjoao.pt\/index.php?rest_route=\/wp\/v2\/users\/1"}],"replies":[{"embeddable":true,"href":"https:\/\/www.aguasdesjoao.pt\/index.php?rest_route=%2Fwp%2Fv2%2Fcomments&post=20"}],"version-history":[{"count":1,"href":"https:\/\/www.aguasdesjoao.pt\/index.php?rest_route=\/wp\/v2\/pages\/20\/revisions"}],"predecessor-version":[{"id":377,"href":"https:\/\/www.aguasdesjoao.pt\/index.php?rest_route=\/wp\/v2\/pages\/20\/revisions\/377"}],"wp:attachment":[{"href":"https:\/\/www.aguasdesjoao.pt\/index.php?rest_route=%2Fwp%2Fv2%2Fmedia&parent=20"}],"curies":[{"name":"wp","href":"https:\/\/api.w.org\/{rel}","templated":true}]}}