{"id":19,"date":"2013-03-21T14:14:21","date_gmt":"2013-03-21T14:14:21","guid":{"rendered":"http:\/\/www.aguasdesjoao.pt\/?page_id=19"},"modified":"2013-07-05T18:11:07","modified_gmt":"2013-07-05T17:11:07","slug":"atendimento","status":"publish","type":"page","link":"https:\/\/www.aguasdesjoao.pt\/?page_id=19","title":{"rendered":"Atendimento"},"content":{"rendered":"<p class=\"top-page-image\"><img loading=\"lazy\" class=\"alignnone size-full wp-image-350\" alt=\"atendimento\" src=\"http:\/\/www.aguasdesjoao.pt\/wp-content\/uploads\/2013\/03\/atendimento.jpg\" width=\"680\" height=\"162\" srcset=\"https:\/\/www.aguasdesjoao.pt\/wp-content\/uploads\/2013\/03\/atendimento.jpg 680w, https:\/\/www.aguasdesjoao.pt\/wp-content\/uploads\/2013\/03\/atendimento-300x71.jpg 300w\" sizes=\"(max-width: 680px) 100vw, 680px\" \/><\/p>\n<h1>Atendimento<\/h1>\n<p>Por forma a optimizar o atendimento \u00e0 \u00e1rea t\u00e9cnica, designadamente \u00a0para o esclarecimento de assuntos relacionados com processos de projecto e obras particulares, informamos que o atendimento t\u00e9cnico \u00e9 garantido exclusivamente, por marca\u00e7\u00e3o pr\u00e9via.<\/p>\n<p>Poder\u00e1 efectuar a marca\u00e7\u00e3o no nosso balc\u00e3o de atendimento, por telefone ou por e-mail, indicados em \u201c<a title=\"Contactos\" href=\"http:\/\/www.aguasdesjoao.pt\/?page_id=89\">Contactos<\/a>\u201d<\/p>\n","protected":false},"excerpt":{"rendered":"<p>Atendimento Por forma a optimizar o atendimento \u00e0 \u00e1rea t\u00e9cnica, designadamente \u00a0para o esclarecimento de assuntos relacionados com processos de projecto e obras particulares, informamos que o atendimento t\u00e9cnico \u00e9 garantido exclusivamente, por marca\u00e7\u00e3o pr\u00e9via. Poder\u00e1 efectuar a marca\u00e7\u00e3o no nosso balc\u00e3o de atendimento, por telefone ou por e-mail, indicados em \u201cContactos\u201d<\/p>\n","protected":false},"author":1,"featured_media":0,"parent":0,"menu_order":0,"comment_status":"open","ping_status":"open","template":"","meta":{"_expiration-date-status":"","_expiration-date":0,"_expiration-date-type":"","_expiration-date-categories":[],"_expiration-date-options":[]},"_links":{"self":[{"href":"https:\/\/www.aguasdesjoao.pt\/index.php?rest_route=\/wp\/v2\/pages\/19"}],"collection":[{"href":"https:\/\/www.aguasdesjoao.pt\/index.php?rest_route=\/wp\/v2\/pages"}],"about":[{"href":"https:\/\/www.aguasdesjoao.pt\/index.php?rest_route=\/wp\/v2\/types\/page"}],"author":[{"embeddable":true,"href":"https:\/\/www.aguasdesjoao.pt\/index.php?rest_route=\/wp\/v2\/users\/1"}],"replies":[{"embeddable":true,"href":"https:\/\/www.aguasdesjoao.pt\/index.php?rest_route=%2Fwp%2Fv2%2Fcomments&post=19"}],"version-history":[{"count":7,"href":"https:\/\/www.aguasdesjoao.pt\/index.php?rest_route=\/wp\/v2\/pages\/19\/revisions"}],"predecessor-version":[{"id":211,"href":"https:\/\/www.aguasdesjoao.pt\/index.php?rest_route=\/wp\/v2\/pages\/19\/revisions\/211"}],"wp:attachment":[{"href":"https:\/\/www.aguasdesjoao.pt\/index.php?rest_route=%2Fwp%2Fv2%2Fmedia&parent=19"}],"curies":[{"name":"wp","href":"https:\/\/api.w.org\/{rel}","templated":true}]}}