{"id":18,"date":"2013-03-21T14:14:12","date_gmt":"2013-03-21T14:14:12","guid":{"rendered":"http:\/\/www.aguasdesjoao.pt\/?page_id=18"},"modified":"2020-06-30T09:59:04","modified_gmt":"2020-06-30T09:59:04","slug":"piquete","status":"publish","type":"page","link":"https:\/\/www.aguasdesjoao.pt\/?page_id=18","title":{"rendered":"Piquete"},"content":{"rendered":"<p><img loading=\"lazy\" class=\"top-page-image\" src=\"http:\/\/www.aguasdesjoao.pt\/wp-content\/uploads\/2013\/03\/piquete.jpg\" alt=\"piquete\" width=\"680\" height=\"162\" \/><\/p>\n<h1>Avarias<\/h1>\n<p>Assegurado por t\u00e9cnicos experientes, temos \u00a0dispon\u00edvel um servi\u00e7o de\u00a0 repara\u00e7\u00e3o de avarias na rede p\u00fablica 24 horas por dia, 365 dias no ano.<\/p>\n<p class=\"text-blue\"><strong>Comunica\u00e7\u00e3o de avarias<\/strong><\/p>\n<p>Telefone:\u00a0 962 145 711<\/p>\n","protected":false},"excerpt":{"rendered":"<p>Avarias Assegurado por t\u00e9cnicos experientes, temos \u00a0dispon\u00edvel um servi\u00e7o de\u00a0 repara\u00e7\u00e3o de avarias na rede p\u00fablica 24 horas por dia, 365 dias no ano. Comunica\u00e7\u00e3o de avarias Telefone:\u00a0 962 145 711<\/p>\n","protected":false},"author":1,"featured_media":0,"parent":0,"menu_order":0,"comment_status":"open","ping_status":"open","template":"","meta":{"_expiration-date-status":"saved","_expiration-date":0,"_expiration-date-type":"","_expiration-date-categories":[],"_expiration-date-options":[]},"_links":{"self":[{"href":"https:\/\/www.aguasdesjoao.pt\/index.php?rest_route=\/wp\/v2\/pages\/18"}],"collection":[{"href":"https:\/\/www.aguasdesjoao.pt\/index.php?rest_route=\/wp\/v2\/pages"}],"about":[{"href":"https:\/\/www.aguasdesjoao.pt\/index.php?rest_route=\/wp\/v2\/types\/page"}],"author":[{"embeddable":true,"href":"https:\/\/www.aguasdesjoao.pt\/index.php?rest_route=\/wp\/v2\/users\/1"}],"replies":[{"embeddable":true,"href":"https:\/\/www.aguasdesjoao.pt\/index.php?rest_route=%2Fwp%2Fv2%2Fcomments&post=18"}],"version-history":[{"count":6,"href":"https:\/\/www.aguasdesjoao.pt\/index.php?rest_route=\/wp\/v2\/pages\/18\/revisions"}],"predecessor-version":[{"id":1675,"href":"https:\/\/www.aguasdesjoao.pt\/index.php?rest_route=\/wp\/v2\/pages\/18\/revisions\/1675"}],"wp:attachment":[{"href":"https:\/\/www.aguasdesjoao.pt\/index.php?rest_route=%2Fwp%2Fv2%2Fmedia&parent=18"}],"curies":[{"name":"wp","href":"https:\/\/api.w.org\/{rel}","templated":true}]}}