{"id":1625,"date":"2020-06-02T15:23:59","date_gmt":"2020-06-02T15:23:59","guid":{"rendered":"https:\/\/www.aguasdesjoao.pt\/?page_id=1625"},"modified":"2024-09-13T15:34:38","modified_gmt":"2024-09-13T15:34:38","slug":"projetos-cofinanciados","status":"publish","type":"page","link":"https:\/\/www.aguasdesjoao.pt\/?page_id=1625","title":{"rendered":"Projetos Cofinanciados"},"content":{"rendered":"\n<p style=\"font-size:15px\">Cofinanciado por :<\/p>\n\n\n\n<figure class=\"wp-block-image is-resized\"><img loading=\"lazy\" src=\"https:\/\/www.aguasdesjoao.pt\/wp-content\/uploads\/2020\/06\/POSEUR2020UE-e1591108694616-1024x186.jpg\" alt=\"\" class=\"wp-image-1627\" width=\"579\" height=\"105\" srcset=\"https:\/\/www.aguasdesjoao.pt\/wp-content\/uploads\/2020\/06\/POSEUR2020UE-e1591108694616-1024x186.jpg 1024w, https:\/\/www.aguasdesjoao.pt\/wp-content\/uploads\/2020\/06\/POSEUR2020UE-e1591108694616-300x55.jpg 300w, https:\/\/www.aguasdesjoao.pt\/wp-content\/uploads\/2020\/06\/POSEUR2020UE-e1591108694616-768x140.jpg 768w, https:\/\/www.aguasdesjoao.pt\/wp-content\/uploads\/2020\/06\/POSEUR2020UE-e1591108694616.jpg 1176w\" sizes=\"(max-width: 579px) 100vw, 579px\" \/><\/figure>\n\n\n\n<ul><li><a href=\"https:\/\/www.aguasdesjoao.pt\/files\/docs\/ficha-de-projecto%20Adsj%20(atualizada%202024)%20.pdf\">Efici\u00eancia H\u00eddrica em S. Jo\u00e3o da Madeira <\/a><\/li><\/ul>\n\n\n\n<p><\/p>\n","protected":false},"excerpt":{"rendered":"<p>Cofinanciado por : Efici\u00eancia H\u00eddrica em S. Jo\u00e3o da Madeira<\/p>\n","protected":false},"author":1,"featured_media":0,"parent":0,"menu_order":0,"comment_status":"closed","ping_status":"closed","template":"","meta":{"_expiration-date-status":"","_expiration-date":1726234292,"_expiration-date-type":"draft","_expiration-date-categories":[],"_expiration-date-options":[]},"_links":{"self":[{"href":"https:\/\/www.aguasdesjoao.pt\/index.php?rest_route=\/wp\/v2\/pages\/1625"}],"collection":[{"href":"https:\/\/www.aguasdesjoao.pt\/index.php?rest_route=\/wp\/v2\/pages"}],"about":[{"href":"https:\/\/www.aguasdesjoao.pt\/index.php?rest_route=\/wp\/v2\/types\/page"}],"author":[{"embeddable":true,"href":"https:\/\/www.aguasdesjoao.pt\/index.php?rest_route=\/wp\/v2\/users\/1"}],"replies":[{"embeddable":true,"href":"https:\/\/www.aguasdesjoao.pt\/index.php?rest_route=%2Fwp%2Fv2%2Fcomments&post=1625"}],"version-history":[{"count":8,"href":"https:\/\/www.aguasdesjoao.pt\/index.php?rest_route=\/wp\/v2\/pages\/1625\/revisions"}],"predecessor-version":[{"id":2265,"href":"https:\/\/www.aguasdesjoao.pt\/index.php?rest_route=\/wp\/v2\/pages\/1625\/revisions\/2265"}],"wp:attachment":[{"href":"https:\/\/www.aguasdesjoao.pt\/index.php?rest_route=%2Fwp%2Fv2%2Fmedia&parent=1625"}],"curies":[{"name":"wp","href":"https:\/\/api.w.org\/{rel}","templated":true}]}}