{"id":15,"date":"2013-03-21T14:12:31","date_gmt":"2013-03-21T14:12:31","guid":{"rendered":"http:\/\/www.aguasdesjoao.pt\/?page_id=15"},"modified":"2015-07-22T16:06:23","modified_gmt":"2015-07-22T15:06:23","slug":"como-ler-o-contador","status":"publish","type":"page","link":"https:\/\/www.aguasdesjoao.pt\/?page_id=15","title":{"rendered":"Como ler o contador"},"content":{"rendered":"<h1>Como ler o contador<\/h1>\n<p>Se o seu contador tiver d\u00edgitos de cor diferente a leitura a dar \u00e9 composta pelos n\u00fameros \u00e0 esquerda, como por exemplo no contador A, cuja leitura a dar seria de 200 m3<\/p>\n<div>\n<table class=\"no-border\">\n<tbody>\n<tr>\n<td class=\"no-border\"><img loading=\"lazy\" class=\"no-margin size-full wp-image-186\" alt=\"contador_b\" src=\"http:\/\/www.aguasdesjoao.pt\/wp-content\/uploads\/2013\/03\/contador_b.jpg\" width=\"400\" height=\"300\" \/><\/td>\n<td class=\"no-border\">\n<p style=\"text-align: center;\"><span style=\"font-size: 20px; color: #000000;\"> <strong> 00<span style=\"text-decoration: underline;\">200<\/span>008 <\/strong> <\/span><\/p>\n<ul>\n<li>Exclua os zeros \u00e0 esquerda<\/li>\n<li>Exclua os n\u00fameros \u00e0 direita da v\u00edrgula e\/ou a vermelho<\/li>\n<li>Leitura correcta 200 m3<\/li>\n<\/ul>\n<\/td>\n<\/tr>\n<\/tbody>\n<\/table>\n<\/div>\n<p>&nbsp;<\/p>\n<p>Se o seu contador n\u00e3o tiver d\u00edgitos de cor diferente a leitura a dar \u00e9 composta por todos n\u00fameros do mostrador, como por exemplo no contador B, cuja leitura a dar seria de 470 m3.<\/p>\n<div>\n<table class=\"no-border\">\n<tbody>\n<tr>\n<td class=\"no-border\"><img loading=\"lazy\" class=\"alignnone size-full wp-image-185\" alt=\"contador_a\" src=\"http:\/\/www.aguasdesjoao.pt\/wp-content\/uploads\/2013\/03\/contador_a.jpg\" width=\"400\" height=\"300\" \/><\/td>\n<td class=\"no-border\">\n<p style=\"text-align: center;\"><strong> <span style=\"font-size: 20px;\"> <span style=\"color: #000000;\"> 00<\/span><span style=\"text-decoration: underline;\"><span style=\"color: #000000; text-decoration: underline;\">470 <\/span> <\/span> <\/span> <\/strong><\/p>\n<ul>\n<li>Exclua os zeros \u00e0 esquerda<\/li>\n<li>Leitura correcta 470 m3<\/li>\n<\/ul>\n<\/td>\n<\/tr>\n<\/tbody>\n<\/table>\n<\/div>\n","protected":false},"excerpt":{"rendered":"<p>Como ler o contador Se o seu contador tiver d\u00edgitos de cor diferente a leitura a dar \u00e9 composta pelos n\u00fameros \u00e0 esquerda, como por exemplo no contador A, cuja leitura a dar seria de 200 m3 00200008 Exclua os zeros \u00e0 esquerda Exclua os n\u00fameros \u00e0 direita da v\u00edrgula e\/ou a vermelho Leitura correcta [&hellip;]<\/p>\n","protected":false},"author":1,"featured_media":0,"parent":0,"menu_order":0,"comment_status":"open","ping_status":"open","template":"","meta":{"_expiration-date-status":"saved","_expiration-date":0,"_expiration-date-type":"","_expiration-date-categories":[],"_expiration-date-options":[]},"_links":{"self":[{"href":"https:\/\/www.aguasdesjoao.pt\/index.php?rest_route=\/wp\/v2\/pages\/15"}],"collection":[{"href":"https:\/\/www.aguasdesjoao.pt\/index.php?rest_route=\/wp\/v2\/pages"}],"about":[{"href":"https:\/\/www.aguasdesjoao.pt\/index.php?rest_route=\/wp\/v2\/types\/page"}],"author":[{"embeddable":true,"href":"https:\/\/www.aguasdesjoao.pt\/index.php?rest_route=\/wp\/v2\/users\/1"}],"replies":[{"embeddable":true,"href":"https:\/\/www.aguasdesjoao.pt\/index.php?rest_route=%2Fwp%2Fv2%2Fcomments&post=15"}],"version-history":[{"count":29,"href":"https:\/\/www.aguasdesjoao.pt\/index.php?rest_route=\/wp\/v2\/pages\/15\/revisions"}],"predecessor-version":[{"id":171,"href":"https:\/\/www.aguasdesjoao.pt\/index.php?rest_route=\/wp\/v2\/pages\/15\/revisions\/171"}],"wp:attachment":[{"href":"https:\/\/www.aguasdesjoao.pt\/index.php?rest_route=%2Fwp%2Fv2%2Fmedia&parent=15"}],"curies":[{"name":"wp","href":"https:\/\/api.w.org\/{rel}","templated":true}]}}