{"id":11,"date":"2013-03-21T14:11:21","date_gmt":"2013-03-21T14:11:21","guid":{"rendered":"http:\/\/www.aguasdesjoao.pt\/?page_id=11"},"modified":"2023-04-27T14:07:10","modified_gmt":"2023-04-27T14:07:10","slug":"modalidades-de-pagamento","status":"publish","type":"page","link":"https:\/\/www.aguasdesjoao.pt\/?page_id=11","title":{"rendered":"Modalidades de pagamento"},"content":{"rendered":"<h1>Modalidades de pagamento<\/h1>\n<p>A \u00c1GUAS DE S. JO\u00c3O E.M., S.A., disponibiliza aos seus clientes diversas formas de pagamento da sua fatura da \u00e1gua:<\/p>\n<p class=\"text-blue\"><b><i>1 &#8211; Sistema de D\u00e9bito Direto (SDD)<\/i><\/b><\/p>\n<p>O Sistema de D\u00e9bito Direto, atrav\u00e9s de uma autoriza\u00e7\u00e3o de d\u00e9bito autom\u00e1tico na sua conta banc\u00e1ria, permite o pagamento da sua fatura de forma c\u00f3moda:<\/p>\n<ul>\n<li>Pode limitar o valor m\u00e1ximo que autoriza o seu banco a pagar, n\u00e3o correndo assim o risco de lhe debitarem, sem se aperceber valores fora do normal;<\/li>\n<li>Pode sempre verificar o valor da fatura recebida e esclarecer qualquer d\u00favida antes do banco efetuar o pagamento;<\/li>\n<li>Pode sempre cancelar a autoriza\u00e7\u00e3o (no banco ou no nosso\u00a0balc\u00e3o de atendimento), impedindo o pagamento;<\/li>\n<li>Mesmo se a fatura j\u00e1 tiver sido paga por SDD, pode anular o d\u00e9bito junto do seu banco, sendo-lhe devolvido o dinheiro para a sua conta;<\/li>\n<\/ul>\n<p>Sem qualquer encargo, economiza tempo e evita eventuais cortes de \u00e1gua causados por esquecimento do prazo de pagamento.<\/p>\n<p>Tem ainda a vantagem de lhe serem directamente creditado em conta o valor de eventuais Notas de Cr\u00e9dito.<\/p>\n<p>No site do Banco de Portugal poder\u00e1 encontrar mais informa\u00e7\u00f5es sobre a seguran\u00e7a do sistema <a title=\"SEPA\" href=\"https:\/\/www.bportugal.pt\/pt-pt\/pagamentos\/sepa\/Paginas\/inicio.aspx\" target=\"_blank\" rel=\"noopener\"><i>\u201cSEPA &#8211;\u00a0\u00c1rea \u00danica de Pagamentos em Euros\u201d<\/i><\/a> \u2013 que uniformiza as Transfer\u00eancias a Cr\u00e9dito e D\u00e9bitos Diretos, permitindo aos agentes econ\u00f3micos efetuar pagamentos e cobran\u00e7as em toda a zona euro.<\/p>\n<p>Para aderir ao Sistema de D\u00e9bito Direto, preencha o formul\u00e1rio de ades\u00e3o disponibilizado <a href=\"https:\/\/www.aguasdesjoao.pt\/?page_id=1585\">aqui<\/a>.<\/p>\n<p><b><span class=\"text-blue\">2 <\/span><i><span class=\"text-blue\">&#8211; Pagamento das faturas no Multibanco<\/span> <\/i><\/b><\/p>\n<p>Selecione a op\u00e7\u00e3o &#8220;Pagamento de servi\u00e7os&#8221; e preencha os campos a seguir indicados, de acordo com os dados referidos na sua fatura:<\/p>\n<p>ENTIDADE: 21660<\/p>\n<p>REFER\u00caNCIA:<\/p>\n<p>MONTANTE:<\/p>\n<p><b><i><span class=\"text-blue\">3 \u2013 Nos agentes Payshop<\/span> <\/i><\/b><\/p>\n<p class=\"text-blue\"><b><i>4 \u2013 Pelo Correio atrav\u00e9s de Cheque ou Vale postal<\/i><\/b><\/p>\n<p>Para o efeito dever\u00e1 preencher o cup\u00e3o destac\u00e1vel da sua fatura com os dados do cheque, ou vale postal, e envi\u00e1-lo pelo correio para o seguinte endere\u00e7o:<\/p>\n<p>\u00c1GUAS DE S. Jo\u00e3o E.M., S.A.<\/p>\n<p>Av. Liberdade<\/p>\n<p>3701-956 S- JO\u00c3O DA MADEIRA<\/p>\n<p><b><i><span class=\"text-blue\">5- No nosso balc\u00e3o de atendimento<\/span> <\/i><\/b><\/p>\n<p>Dirija-se ao nosso balc\u00e3o de atendimento, das 9:00 \u00e0s 13:00 e das 14:00 \u00e0s 16:00 horas, onde poder\u00e1 efetuar o pagamento em numer\u00e1rio, cheque, ou TPA.<\/p>\n","protected":false},"excerpt":{"rendered":"<p>Modalidades de pagamento A \u00c1GUAS DE S. JO\u00c3O E.M., S.A., disponibiliza aos seus clientes diversas formas de pagamento da sua fatura da \u00e1gua: 1 &#8211; Sistema de D\u00e9bito Direto (SDD) O Sistema de D\u00e9bito Direto, atrav\u00e9s de uma autoriza\u00e7\u00e3o de d\u00e9bito autom\u00e1tico na sua conta banc\u00e1ria, permite o pagamento da sua fatura de forma c\u00f3moda: [&hellip;]<\/p>\n","protected":false},"author":1,"featured_media":0,"parent":0,"menu_order":0,"comment_status":"open","ping_status":"open","template":"","meta":{"_expiration-date-status":"","_expiration-date":1682600728,"_expiration-date-type":"draft","_expiration-date-categories":[],"_expiration-date-options":[]},"_links":{"self":[{"href":"https:\/\/www.aguasdesjoao.pt\/index.php?rest_route=\/wp\/v2\/pages\/11"}],"collection":[{"href":"https:\/\/www.aguasdesjoao.pt\/index.php?rest_route=\/wp\/v2\/pages"}],"about":[{"href":"https:\/\/www.aguasdesjoao.pt\/index.php?rest_route=\/wp\/v2\/types\/page"}],"author":[{"embeddable":true,"href":"https:\/\/www.aguasdesjoao.pt\/index.php?rest_route=\/wp\/v2\/users\/1"}],"replies":[{"embeddable":true,"href":"https:\/\/www.aguasdesjoao.pt\/index.php?rest_route=%2Fwp%2Fv2%2Fcomments&post=11"}],"version-history":[{"count":22,"href":"https:\/\/www.aguasdesjoao.pt\/index.php?rest_route=\/wp\/v2\/pages\/11\/revisions"}],"predecessor-version":[{"id":2425,"href":"https:\/\/www.aguasdesjoao.pt\/index.php?rest_route=\/wp\/v2\/pages\/11\/revisions\/2425"}],"wp:attachment":[{"href":"https:\/\/www.aguasdesjoao.pt\/index.php?rest_route=%2Fwp%2Fv2%2Fmedia&parent=11"}],"curies":[{"name":"wp","href":"https:\/\/api.w.org\/{rel}","templated":true}]}}