{"id":10,"date":"2013-03-21T14:11:00","date_gmt":"2013-03-21T14:11:00","guid":{"rendered":"http:\/\/www.aguasdesjoao.pt\/?page_id=10"},"modified":"2020-06-30T09:56:27","modified_gmt":"2020-06-30T09:56:27","slug":"horario-de-atendimento","status":"publish","type":"page","link":"https:\/\/www.aguasdesjoao.pt\/?page_id=10","title":{"rendered":"Hor\u00e1rio de atendimento"},"content":{"rendered":"<p><img loading=\"lazy\" class=\"top-page-image\" src=\"http:\/\/www.aguasdesjoao.pt\/wp-content\/uploads\/2013\/03\/clock.jpg\" alt=\"time\" width=\"680\" height=\"162\" \/><\/p>\n<h4>Local de atendimento<\/h4>\n<p>\u00c1GUAS DE S. JO\u00c3O E.M., S.A.<br \/>\nEdif\u00edcio da C\u00e2mara Municipal<br \/>\nAvenida da Liberdade,<br \/>\n3701-956 S. JO\u00c3O DA MADEIRA<\/p>\n<h4>Contacto telef\u00f3nico<\/h4>\n<p>Telefone: 256 100 700<\/p>\n<p>Fax: 256 100 709<\/p>\n<h4>Endere\u00e7o electr\u00f3nico<\/h4>\n<p>E-mail geral: <a href=\"mailto:geral@aguasdesjoao.pt\"> geral@aguasdesjoao.pt <\/a><br \/>\nE-mail leituras: <a href=\"mailto:leituras@aguasdesjoao.pt\"> leituras@aguasdesjoao.pt <\/a><\/p>\n<h4>Hor\u00e1rio de atendimento (dias \u00fateis)<\/h4>\n<p>Presencial: \u00a0\u00a0\u00a0\u00a0\u00a0\u00a0\u00a0\u00a0 Das 9:00 h \u00e0s 13:00 h e das 14:00 h \u00e0s 16:00 h<br \/>\nTelef\u00f3nico: \u00a0\u00a0\u00a0\u00a0\u00a0\u00a0\u00a0\u00a0 Das 9:00 h \u00e0s 13:00 h e das 14:00 h \u00e0s 17:00 h<\/p>\n<hr \/>\n<p><a href=\"https:\/\/maps.google.com\/maps?q=C%C3%82MARA+MUNICIPAL+DE+S%C3%83O+JO%C3%83O+DA+MADEIRA&amp;num=1&amp;vpsrc=6&amp;ie=UTF8&amp;t=m&amp;ll=40.897003,-8.487968&amp;spn=0.013998,0.032659&amp;z=16&amp;iwloc=A&amp;cid=12412061472931055911\" target=\"_blank\" rel=\"noopener\"> <img loading=\"lazy\" class=\"no-margin size-full wp-image-271\" src=\"http:\/\/www.aguasdesjoao.pt\/wp-content\/uploads\/2013\/03\/mapa.jpg\" alt=\"mapa\" width=\"600\" height=\"200\" srcset=\"https:\/\/www.aguasdesjoao.pt\/wp-content\/uploads\/2013\/03\/mapa.jpg 600w, https:\/\/www.aguasdesjoao.pt\/wp-content\/uploads\/2013\/03\/mapa-300x100.jpg 300w\" sizes=\"(max-width: 600px) 100vw, 600px\" \/> <\/a><\/p>\n","protected":false},"excerpt":{"rendered":"<p>Local de atendimento \u00c1GUAS DE S. JO\u00c3O E.M., S.A. Edif\u00edcio da C\u00e2mara Municipal Avenida da Liberdade, 3701-956 S. JO\u00c3O DA MADEIRA Contacto telef\u00f3nico Telefone: 256 100 700 Fax: 256 100 709 Endere\u00e7o electr\u00f3nico E-mail geral: geral@aguasdesjoao.pt E-mail leituras: leituras@aguasdesjoao.pt Hor\u00e1rio de atendimento (dias \u00fateis) Presencial: \u00a0\u00a0\u00a0\u00a0\u00a0\u00a0\u00a0\u00a0 Das 9:00 h \u00e0s 13:00 h e das 14:00 [&hellip;]<\/p>\n","protected":false},"author":1,"featured_media":0,"parent":0,"menu_order":0,"comment_status":"open","ping_status":"open","template":"","meta":{"_expiration-date-status":"saved","_expiration-date":0,"_expiration-date-type":"","_expiration-date-categories":[],"_expiration-date-options":[]},"_links":{"self":[{"href":"https:\/\/www.aguasdesjoao.pt\/index.php?rest_route=\/wp\/v2\/pages\/10"}],"collection":[{"href":"https:\/\/www.aguasdesjoao.pt\/index.php?rest_route=\/wp\/v2\/pages"}],"about":[{"href":"https:\/\/www.aguasdesjoao.pt\/index.php?rest_route=\/wp\/v2\/types\/page"}],"author":[{"embeddable":true,"href":"https:\/\/www.aguasdesjoao.pt\/index.php?rest_route=\/wp\/v2\/users\/1"}],"replies":[{"embeddable":true,"href":"https:\/\/www.aguasdesjoao.pt\/index.php?rest_route=%2Fwp%2Fv2%2Fcomments&post=10"}],"version-history":[{"count":15,"href":"https:\/\/www.aguasdesjoao.pt\/index.php?rest_route=\/wp\/v2\/pages\/10\/revisions"}],"predecessor-version":[{"id":1674,"href":"https:\/\/www.aguasdesjoao.pt\/index.php?rest_route=\/wp\/v2\/pages\/10\/revisions\/1674"}],"wp:attachment":[{"href":"https:\/\/www.aguasdesjoao.pt\/index.php?rest_route=%2Fwp%2Fv2%2Fmedia&parent=10"}],"curies":[{"name":"wp","href":"https:\/\/api.w.org\/{rel}","templated":true}]}}